{"id":155,"date":"2022-05-09T22:23:04","date_gmt":"2022-05-10T02:23:04","guid":{"rendered":"https:\/\/chapters.theprimetimersww.com\/ottawa\/?page_id=155"},"modified":"2024-05-19T12:53:09","modified_gmt":"2024-05-19T16:53:09","slug":"bienvenue","status":"publish","type":"page","link":"https:\/\/chapters.theprimetimersww.com\/ottawa\/?page_id=155","title":{"rendered":"Bienvenue!"},"content":{"rendered":"\t\t<div data-elementor-type=\"wp-page\" data-elementor-id=\"155\" class=\"elementor elementor-155\">\n\t\t\t\t\t\t<section class=\"elementor-section elementor-top-section elementor-element elementor-element-7ec216f elementor-section-boxed elementor-section-height-default elementor-section-height-default\" data-id=\"7ec216f\" data-element_type=\"section\" data-e-type=\"section\">\n\t\t\t\t\t\t<div class=\"elementor-container elementor-column-gap-default\">\n\t\t\t\t\t<div class=\"elementor-column elementor-col-100 elementor-top-column elementor-element elementor-element-6fce33b\" data-id=\"6fce33b\" data-element_type=\"column\" data-e-type=\"column\">\n\t\t\t<div class=\"elementor-widget-wrap elementor-element-populated\">\n\t\t\t\t\t\t<div class=\"elementor-element elementor-element-6750fce elementor-widget elementor-widget-text-editor\" data-id=\"6750fce\" data-element_type=\"widget\" data-e-type=\"widget\" data-widget_type=\"text-editor.default\">\n\t\t\t\t<div class=\"elementor-widget-container\">\n\t\t\t\t\t\t\t\t\t<p><img decoding=\"async\" class=\"size-medium wp-image-418 aligncenter\" src=\"https:\/\/chapters.theprimetimersww.com\/ottawa\/wp-content\/uploads\/2022\/08\/2022-08-22-Logo-red-300x98.jpg\" alt=\"\" width=\"300\" height=\"98\" srcset=\"https:\/\/chapters.theprimetimersww.com\/ottawa\/wp-content\/uploads\/2022\/08\/2022-08-22-Logo-red-300x98.jpg 300w, https:\/\/chapters.theprimetimersww.com\/ottawa\/wp-content\/uploads\/2022\/08\/2022-08-22-Logo-red.jpg 589w\" sizes=\"(max-width: 300px) 100vw, 300px\" \/><\/p>\t\t\t\t\t\t\t\t<\/div>\n\t\t\t\t<\/div>\n\t\t\t\t\t<\/div>\n\t\t<\/div>\n\t\t\t\t\t<\/div>\n\t\t<\/section>\n\t\t\t\t<section class=\"elementor-section elementor-top-section elementor-element elementor-element-5e7c441 elementor-section-boxed elementor-section-height-default elementor-section-height-default\" data-id=\"5e7c441\" data-element_type=\"section\" data-e-type=\"section\">\n\t\t\t\t\t\t<div class=\"elementor-container elementor-column-gap-default\">\n\t\t\t\t\t<div class=\"elementor-column elementor-col-100 elementor-top-column elementor-element elementor-element-1da4716\" data-id=\"1da4716\" data-element_type=\"column\" data-e-type=\"column\">\n\t\t\t<div class=\"elementor-widget-wrap elementor-element-populated\">\n\t\t\t\t\t\t<section class=\"elementor-section elementor-inner-section elementor-element elementor-element-85159b8 elementor-section-boxed elementor-section-height-default elementor-section-height-default\" data-id=\"85159b8\" data-element_type=\"section\" data-e-type=\"section\">\n\t\t\t\t\t\t<div class=\"elementor-container elementor-column-gap-default\">\n\t\t\t\t\t<div class=\"elementor-column elementor-col-50 elementor-inner-column elementor-element elementor-element-ac9c946\" data-id=\"ac9c946\" data-element_type=\"column\" data-e-type=\"column\">\n\t\t\t<div class=\"elementor-widget-wrap elementor-element-populated\">\n\t\t\t\t\t\t<div class=\"elementor-element elementor-element-66afdde elementor-widget elementor-widget-text-editor\" data-id=\"66afdde\" data-element_type=\"widget\" data-e-type=\"widget\" data-widget_type=\"text-editor.default\">\n\t\t\t\t<div class=\"elementor-widget-container\">\n\t\t\t\t\t\t\t\t\t<h2><span style=\"color: #800080;\"><strong>Qui sommes-nous?<\/strong><\/span><\/h2><h6 style=\"padding-left: 40px;\"><span style=\"color: #000000;\"> Prime Timers\u00ae Ottawa <img decoding=\"async\" class=\"alignnone wp-image-339\" src=\"https:\/\/chapters.theprimetimersww.com\/ottawa\/wp-content\/uploads\/2022\/08\/maple-leaf-g1e0c3ae70_640-266x300.png\" alt=\"\" width=\"13\" height=\"15\" srcset=\"https:\/\/chapters.theprimetimersww.com\/ottawa\/wp-content\/uploads\/2022\/08\/maple-leaf-g1e0c3ae70_640-266x300.png 266w, https:\/\/chapters.theprimetimersww.com\/ottawa\/wp-content\/uploads\/2022\/08\/maple-leaf-g1e0c3ae70_640.png 567w\" sizes=\"(max-width: 13px) 100vw, 13px\" \/>\u00a0Outaouais, f<\/span><span style=\"color: #000000;\">ond\u00e9 en 1998, est un club social pour hommes gais et bisexuels matures. Nous sommes un organisme social \u00e0 but non lucratif et non-politique et un <\/span>chapitre de <span style=\"text-decoration: underline; color: #0000ff;\"><em><strong><a style=\"color: #0000ff; text-decoration: underline;\" href=\"https:\/\/theprimetimersww.com\/\" target=\"_blank\" rel=\"noopener\">PrimeTimers\u00ae Worldwide<\/a><\/strong><\/em><\/span>.<\/h6><p><img decoding=\"async\" class=\"size-medium wp-image-82 aligncenter\" src=\"https:\/\/chapters.theprimetimersww.com\/ottawa\/wp-content\/uploads\/2022\/05\/PTWW-logo-R-300x108.png\" alt=\"\" width=\"300\" height=\"108\" srcset=\"https:\/\/chapters.theprimetimersww.com\/ottawa\/wp-content\/uploads\/2022\/05\/PTWW-logo-R-300x108.png 300w, https:\/\/chapters.theprimetimersww.com\/ottawa\/wp-content\/uploads\/2022\/05\/PTWW-logo-R.png 650w\" sizes=\"(max-width: 300px) 100vw, 300px\" \/><\/p><h2><span style=\"color: #008000;\"><strong>Nos rencontres et nos activit\u00e9s<\/strong><\/span><\/h2><h6 style=\"padding-left: 40px;\"><span style=\"color: #000000;\">Nous r\u00e9unissons tous les dimanches \u00e0 10 h 30 au <span style=\"text-decoration: underline; color: #0000ff;\"><em><strong><a style=\"color: #0000ff; text-decoration: underline;\" href=\"https:\/\/www.hometownsportsgrill.ca\/\" target=\"_blank\" rel=\"noopener\">Hometown Sports Grill<\/a><\/strong><\/em><\/span>, situ\u00e9 au 1525, rue Bank, Ottawa (Ontario) K1H 7Z1.\u00a0 Veuillez nous envoyer un courriel pour nous informer de votre pr\u00e9sence afin que nous puissions vous ajouter \u00e0 la liste des invit\u00e9s.<\/span><\/h6><h6 style=\"padding-left: 40px;\"><span style=\"color: #000000;\"><strong>Nos r\u00e9unions et nos \u00e9v\u00e9nements sont accessibles \u00e0 tous. <img loading=\"lazy\" decoding=\"async\" class=\"alignnone wp-image-263\" src=\"https:\/\/chapters.theprimetimersww.com\/ottawa\/wp-content\/uploads\/2022\/08\/Accessible-graphic.jpg\" alt=\"\" width=\"30\" height=\"30\" \/><\/strong><\/span><\/h6>\t\t\t\t\t\t\t\t<\/div>\n\t\t\t\t<\/div>\n\t\t\t\t\t<\/div>\n\t\t<\/div>\n\t\t\t\t<div class=\"elementor-column elementor-col-50 elementor-inner-column elementor-element elementor-element-55f6f6f\" data-id=\"55f6f6f\" data-element_type=\"column\" data-e-type=\"column\">\n\t\t\t<div class=\"elementor-widget-wrap elementor-element-populated\">\n\t\t\t\t\t\t<div class=\"elementor-element elementor-element-865fafb elementor-widget elementor-widget-text-editor\" data-id=\"865fafb\" data-element_type=\"widget\" data-e-type=\"widget\" data-widget_type=\"text-editor.default\">\n\t\t\t\t<div class=\"elementor-widget-container\">\n\t\t\t\t\t\t\t\t\t<h2><span style=\"color: #ff6600;\"><strong>Mettez-vous en contact avec nous<\/strong><\/span><\/h2><h6 style=\"padding-left: 40px;\">Pour de plus amples renseignements sur notre organisme et les activit\u00e9s pr\u00e9vues veuillez nous contacter par courriel:<\/h6><h5 style=\"padding-left: 120px; text-align: left;\"><span style=\"color: #333333;\"><span style=\"text-decoration: underline; color: #0000ff;\"><em><strong><a style=\"color: #0000ff; text-decoration: underline;\" href=\"mailto:info-ott@theprimetimersww.com\" target=\"_blank\" rel=\"noopener\">Ottawa Prime Timers<\/a><\/strong><\/em><\/span><\/span><\/h5><h6 style=\"padding-left: 40px;\"><span style=\"color: #000000;\">Nous r\u00e9pondrons \u00e0 votre courriel sans d\u00e9lai. Nous vous recommandons \u00e9galement d&#8217;assister \u00e0 un \u00e9v\u00e9nement et de rencontrer nos membres.<\/span><\/h6><div><h2><strong style=\"color: #008080; font-size: 16px;\"><img loading=\"lazy\" decoding=\"async\" class=\"alignnone size-medium wp-image-221 aligncenter\" src=\"https:\/\/chapters.theprimetimersww.com\/ottawa\/wp-content\/uploads\/2022\/05\/PTO-Rainbow-LOGO-24x24-copy-300x211.jpg\" alt=\"\" width=\"300\" height=\"211\" srcset=\"https:\/\/chapters.theprimetimersww.com\/ottawa\/wp-content\/uploads\/2022\/05\/PTO-Rainbow-LOGO-24x24-copy-300x211.jpg 300w, https:\/\/chapters.theprimetimersww.com\/ottawa\/wp-content\/uploads\/2022\/05\/PTO-Rainbow-LOGO-24x24-copy-1024x720.jpg 1024w, https:\/\/chapters.theprimetimersww.com\/ottawa\/wp-content\/uploads\/2022\/05\/PTO-Rainbow-LOGO-24x24-copy-768x540.jpg 768w, https:\/\/chapters.theprimetimersww.com\/ottawa\/wp-content\/uploads\/2022\/05\/PTO-Rainbow-LOGO-24x24-copy-1536x1080.jpg 1536w, https:\/\/chapters.theprimetimersww.com\/ottawa\/wp-content\/uploads\/2022\/05\/PTO-Rainbow-LOGO-24x24-copy.jpg 2040w\" sizes=\"(max-width: 300px) 100vw, 300px\" \/><\/strong><\/h2><\/div>\t\t\t\t\t\t\t\t<\/div>\n\t\t\t\t<\/div>\n\t\t\t\t\t<\/div>\n\t\t<\/div>\n\t\t\t\t\t<\/div>\n\t\t<\/section>\n\t\t\t\t\t<\/div>\n\t\t<\/div>\n\t\t\t\t\t<\/div>\n\t\t<\/section>\n\t\t\t\t<\/div>\n\t\t","protected":false},"excerpt":{"rendered":"<p>Qui sommes-nous? Prime Timers\u00ae Ottawa \u00a0Outaouais, fond\u00e9 en 1998, est un club social pour hommes gais et bisexuels matures. Nous sommes un organisme social \u00e0 but non lucratif et non-politique et un chapitre de PrimeTimers\u00ae&hellip; <\/p>\n","protected":false},"author":2,"featured_media":0,"parent":0,"menu_order":0,"comment_status":"closed","ping_status":"closed","template":"","meta":{"nf_dc_page":"","footnotes":""},"class_list":["post-155","page","type-page","status-publish","hentry"],"_links":{"self":[{"href":"https:\/\/chapters.theprimetimersww.com\/ottawa\/index.php?rest_route=\/wp\/v2\/pages\/155","targetHints":{"allow":["GET"]}}],"collection":[{"href":"https:\/\/chapters.theprimetimersww.com\/ottawa\/index.php?rest_route=\/wp\/v2\/pages"}],"about":[{"href":"https:\/\/chapters.theprimetimersww.com\/ottawa\/index.php?rest_route=\/wp\/v2\/types\/page"}],"author":[{"embeddable":true,"href":"https:\/\/chapters.theprimetimersww.com\/ottawa\/index.php?rest_route=\/wp\/v2\/users\/2"}],"replies":[{"embeddable":true,"href":"https:\/\/chapters.theprimetimersww.com\/ottawa\/index.php?rest_route=%2Fwp%2Fv2%2Fcomments&post=155"}],"version-history":[{"count":5,"href":"https:\/\/chapters.theprimetimersww.com\/ottawa\/index.php?rest_route=\/wp\/v2\/pages\/155\/revisions"}],"predecessor-version":[{"id":470,"href":"https:\/\/chapters.theprimetimersww.com\/ottawa\/index.php?rest_route=\/wp\/v2\/pages\/155\/revisions\/470"}],"wp:attachment":[{"href":"https:\/\/chapters.theprimetimersww.com\/ottawa\/index.php?rest_route=%2Fwp%2Fv2%2Fmedia&parent=155"}],"curies":[{"name":"wp","href":"https:\/\/api.w.org\/{rel}","templated":true}]}}